{"id":28927,"date":"2023-11-30T13:26:34","date_gmt":"2023-11-30T12:26:34","guid":{"rendered":"https:\/\/loyal.pt\/?page_id=28927"},"modified":"2024-02-29T13:08:49","modified_gmt":"2024-02-29T12:08:49","slug":"politica-de-privacidade","status":"publish","type":"page","link":"https:\/\/loyal.pt\/en\/politica-de-privacidade\/","title":{"rendered":"Privacy Policy"},"content":{"rendered":"<p>[et_pb_section fb_built=&#8221;1&#8243; _builder_version=&#8221;4.22.2&#8243; _module_preset=&#8221;default&#8221; global_colors_info=&#8221;{}&#8221;][et_pb_row _builder_version=&#8221;4.22.2&#8243; _module_preset=&#8221;default&#8221; hover_enabled=&#8221;0&#8243; global_colors_info=&#8221;{}&#8221; max_width=&#8221;1110px&#8221; width=&#8221;90%&#8221; sticky_enabled=&#8221;0&#8243;][et_pb_column type=&#8221;4_4&#8243; _builder_version=&#8221;4.22.2&#8243; _module_preset=&#8221;default&#8221; global_colors_info=&#8221;{}&#8221;][et_pb_text _builder_version=&#8221;4.22.2&#8243; _module_preset=&#8221;default&#8221; global_colors_info=&#8221;{}&#8221;]<\/p>\n<h1><strong>Pol\u00edtica de Privacidade da Aplica\u00e7\u00e3o Loyal<\/strong><\/h1>\n<h1>\u00a0<\/h1>\n<h2><strong>Introdu\u00e7\u00e3o:<\/strong><\/h2>\n<p><span style=\"font-weight: 400;\">Esta Pol\u00edtica de Privacidade estabelece como a DCGD Capital, Lda coleta, usa, mant\u00e9m e divulga informa\u00e7\u00f5es recolhidas dos utilizadores (cada um, um &#8220;Utilizador&#8221;) da aplica\u00e7\u00e3o m\u00f3vel Loyal (&#8220;Aplica\u00e7\u00e3o&#8221;). Esta pol\u00edtica de privacidade aplica-se \u00e0 Aplica\u00e7\u00e3o e a todos os produtos e servi\u00e7os oferecidos pela DCGD Capital, Lda.<\/span><\/p>\n<h2>\u00a0<\/h2>\n<h2><strong>Informa\u00e7\u00f5es Pessoais que Coletamos:<\/strong><\/h2>\n<p><span style=\"font-weight: 400;\"><strong>Informa\u00e7\u00f5es fornecidas pelo utilizador:<\/strong><\/span><\/p>\n<p><span style=\"font-weight: 400;\">Isso inclui, mas n\u00e3o se limita a, nome, endere\u00e7o de e-mail, n\u00famero de telefone e informa\u00e7\u00f5es do cart\u00e3o de cr\u00e9dito quando voc\u00ea faz uma transa\u00e7\u00e3o.<\/span><\/p>\n<p><span style=\"font-weight: 400;\"><\/span><\/p>\n<p><span style=\"font-weight: 400;\"><strong>Informa\u00e7\u00f5es de uso e t\u00e9cnicas:<\/strong><\/span><\/p>\n<p><span style=\"font-weight: 400;\">Podemos coletar informa\u00e7\u00f5es sobre como a Aplica\u00e7\u00e3o \u00e9 acessada e usada, incluindo detalhes do dispositivo, logs de uso, e dados de localiza\u00e7\u00e3o.<\/span><\/p>\n<h2>\u00a0<\/h2>\n<h2><strong>Como Usamos as Informa\u00e7\u00f5es Coletadas:<\/strong><\/h2>\n<ul>\n<li><span style=\"font-weight: 400;\">Para operar e manter a nossa Aplica\u00e7\u00e3o.<\/span><\/li>\n<li><span style=\"font-weight: 400;\">Para melhorar a experi\u00eancia do utilizador.<\/span><\/li>\n<li><span style=\"font-weight: 400;\">Para processar transa\u00e7\u00f5es e gerir contas de utilizadores.<\/span><\/li>\n<li><span style=\"font-weight: 400;\">Para enviar periodicamente e-mails promocionais sobre novos produtos, ofertas especiais ou outras informa\u00e7\u00f5es que achamos que voc\u00ea pode achar interessante.<\/span><\/li>\n<\/ul>\n<h2>\u00a0<\/h2>\n<h2><strong>Como Protegemos Suas Informa\u00e7\u00f5es:<\/strong><\/h2>\n<p><span style=\"font-weight: 400;\">Adotamos medidas de seguran\u00e7a adequadas para proteger contra acesso n\u00e3o autorizado, altera\u00e7\u00e3o, divulga\u00e7\u00e3o ou destrui\u00e7\u00e3o dos seus dados pessoais, nome de utilizador, senha, informa\u00e7\u00f5es de transa\u00e7\u00e3o e dados armazenados na nossa Aplica\u00e7\u00e3o.<\/span><\/p>\n<h2>\u00a0<\/h2>\n<h2><strong>Compartilhamento de Suas Informa\u00e7\u00f5es Pessoais:<\/strong><\/h2>\n<p><span style=\"font-weight: 400;\">N\u00e3o vendemos, comercializamos ou alugamos informa\u00e7\u00f5es de identifica\u00e7\u00e3o pessoal dos utilizadores a terceiros.<\/span><\/p>\n<p><span style=\"font-weight: 400;\">Podemos compartilhar informa\u00e7\u00f5es gen\u00e9ricas agregadas n\u00e3o ligadas a qualquer identifica\u00e7\u00e3o pessoal sobre visitantes e utilizadores com os nossos parceiros comerciais, afiliados confi\u00e1veis e anunciantes.<\/span><\/p>\n<h2>\u00a0<\/h2>\n<h2><strong>Cookies e Tecnologias de Rastreamento:<\/strong><\/h2>\n<p><span style=\"font-weight: 400;\">A nossa Aplica\u00e7\u00e3o pode usar &#8220;cookies&#8221; para melhorar a experi\u00eancia do utilizador. O navegador do utilizador coloca cookies no seu disco r\u00edgido para fins de manuten\u00e7\u00e3o de registros e, \u00e0s vezes, para rastrear informa\u00e7\u00f5es sobre eles.<\/span><\/p>\n<h2>\u00a0<\/h2>\n<h2><strong>Consentimento do Utilizador:<\/strong><\/h2>\n<p><span style=\"font-weight: 400;\">Ao usar a nossa Aplica\u00e7\u00e3o, voc\u00ea indica a aceita\u00e7\u00e3o desta pol\u00edtica. Se voc\u00ea n\u00e3o concordar com esta pol\u00edtica, por favor, n\u00e3o use a nossa Aplica\u00e7\u00e3o.<\/span><\/p>\n<h2>\u00a0<\/h2>\n<h2><strong>Altera\u00e7\u00f5es nesta Pol\u00edtica de Privacidade:<\/strong><\/h2>\n<p><span style=\"font-weight: 400;\">A DCGD Capital, Lda tem a discri\u00e7\u00e3o de atualizar esta pol\u00edtica de privacidade a qualquer momento. Quando o fizermos, revisaremos a data atualizada no final desta p\u00e1gina. Encorajamos os Utilizadores a verificar frequentemente esta p\u00e1gina para quaisquer altera\u00e7\u00f5es e se manterem informados sobre como estamos ajudando a proteger as informa\u00e7\u00f5es pessoais que coletamos.<\/span><\/p>\n<h2>\u00a0<\/h2>\n<h2><strong>Contactar-nos:<\/strong><\/h2>\n<p><span style=\"font-weight: 400;\">Se tiver alguma d\u00favida sobre esta Pol\u00edtica de Privacidade, as pr\u00e1ticas desta aplica\u00e7\u00e3o, ou as suas rela\u00e7\u00f5es com esta aplica\u00e7\u00e3o, contacte-nos em: geral@loyal.pt.<\/span><\/p>\n<h3>\u00a0<\/h3>\n<h3>Data da \u00faltima atualiza\u00e7\u00e3o:\u00a030.11.2023<\/h3>\n<p>[\/et_pb_text][\/et_pb_column][\/et_pb_row][\/et_pb_section]<\/p>","protected":false},"excerpt":{"rendered":"<p>Pol\u00edtica de Privacidade da Aplica\u00e7\u00e3o Loyal \u00a0 Introdu\u00e7\u00e3o: Esta Pol\u00edtica de Privacidade estabelece como a DCGD Capital, Lda coleta, usa, mant\u00e9m e divulga informa\u00e7\u00f5es recolhidas dos utilizadores (cada um, um &#8220;Utilizador&#8221;) da aplica\u00e7\u00e3o m\u00f3vel Loyal (&#8220;Aplica\u00e7\u00e3o&#8221;). Esta pol\u00edtica de privacidade aplica-se \u00e0 Aplica\u00e7\u00e3o e a todos os produtos e servi\u00e7os oferecidos pela DCGD Capital, Lda. [&hellip;]<\/p>","protected":false},"author":1,"featured_media":0,"parent":0,"menu_order":0,"comment_status":"closed","ping_status":"closed","template":"","meta":{"_et_pb_use_builder":"on","_et_pb_old_content":"","_et_gb_content_width":"","inline_featured_image":false,"footnotes":""},"class_list":["post-28927","page","type-page","status-publish","hentry"],"_links":{"self":[{"href":"https:\/\/loyal.pt\/en\/wp-json\/wp\/v2\/pages\/28927","targetHints":{"allow":["GET"]}}],"collection":[{"href":"https:\/\/loyal.pt\/en\/wp-json\/wp\/v2\/pages"}],"about":[{"href":"https:\/\/loyal.pt\/en\/wp-json\/wp\/v2\/types\/page"}],"author":[{"embeddable":true,"href":"https:\/\/loyal.pt\/en\/wp-json\/wp\/v2\/users\/1"}],"replies":[{"embeddable":true,"href":"https:\/\/loyal.pt\/en\/wp-json\/wp\/v2\/comments?post=28927"}],"version-history":[{"count":4,"href":"https:\/\/loyal.pt\/en\/wp-json\/wp\/v2\/pages\/28927\/revisions"}],"predecessor-version":[{"id":29051,"href":"https:\/\/loyal.pt\/en\/wp-json\/wp\/v2\/pages\/28927\/revisions\/29051"}],"wp:attachment":[{"href":"https:\/\/loyal.pt\/en\/wp-json\/wp\/v2\/media?parent=28927"}],"curies":[{"name":"wp","href":"https:\/\/api.w.org\/{rel}","templated":true}]}}